{"id":164,"date":"2013-04-10T14:43:43","date_gmt":"2013-04-10T13:43:43","guid":{"rendered":"http:\/\/plasma.ciemat.es\/eps\/?page_id=164"},"modified":"2025-07-23T14:48:30","modified_gmt":"2025-07-23T13:48:30","slug":"poster-prizes","status":"publish","type":"page","link":"http:\/\/plasma.ciemat.es\/eps\/awards\/poster-prizes\/","title":{"rendered":"PPCF\/EPS\/IUPAP Student Poster Prizes"},"content":{"rendered":"<p><strong>PPCF\/EPS\/IUPAP Student Poster Prize<br \/>\n<\/strong><\/p>\n<p style=\"text-align: justify\">The international journal <a href=\"http:\/\/iopscience.iop.org\/0741-3335\" target=\"_blank\" rel=\"noopener noreferrer\">Plasma Physics and Controlled Fusion (PPCF)<\/a>, the <a href=\"http:\/\/www.eps.org\/\" target=\"_blank\" rel=\"noopener noreferrer\">European Physical Society (EPS)<\/a> and the <a title=\"About us\" href=\"http:\/\/iupap.org\/about-us\/\">International Union of Pure and Applied Physics<\/a> are proud to jointly sponsor the PPCF\/EPS\/IUPAP Student Poster Prize at the EPS Plasma Physics conference. The competition is judged by members of the Conference Programme Committee. Up to four prizes are awarded to the winning posters. The competition is only open to PhD students.<\/p>\n<p><span style=\"text-decoration: underline\">2025<\/span><\/p>\n<ul>\n<li>R S Anandu\u00a0(Indian Institute of Technology, India) for \u201c<span data-olk-copy-source=\"MessageBody\">Effect of parabolic plasma channel shaping on electron acceleration and betatron X-ray emission\u201d;<\/span><\/li>\n<li>Ewout Devlaminck (EPFL, Switzerland) for \u201cTurbulence-inclusive modelling of electron-cyclotron wave-plasma dynamics in tokamaks\u201d;<\/li>\n<li>B R Geethika (Institute for Plasma Research, India) for \u201cStudy on polarized emission and its effect on laser induced breakdown spectroscopy\u201d;<\/li>\n<li>Julien Langlois (LAPLACE, France) for \u201cLight dragging in moving magnetized plasmas\u201d;<\/li>\n<li>Louis Puel (CEA, France) for \u201cKinetic modelling of hot tail runaway electron generation during plasma disruptions using the JOREK code\u201d;<\/li>\n<li><span data-olk-copy-source=\"MessageBody\">Tom\u00e1s Sousa (University of Basel, Switzerland) for \u201cIon energy distribution and double layer formation in magnetized surface wave plasma (surfatron).<\/span><\/li>\n<\/ul>\n<p><span style=\"text-decoration: underline\">2024<\/span><\/p>\n<ul>\n<li>Aridai Bord\u00f3n S\u00e1nchez (Universidad de Las Palmas de Gran Canaria, Spain) for \u201cSpectroscopic and MHD modelling of strongly magnetized cylindrical implosions at the National Ignition Facility\u201d;<\/li>\n<li>Ida Ekmark (Chalmers University of Technology, Sweden) for \u201cFluid and kinetic modeling of runaway electron seed generation during disruptions\u201d;<\/li>\n<li>Julien Herbelot (Aix Marseille University, France) for \u201cElectric field measurements in the presence of magnetic field with the EFILE diagnostic\u201d;<\/li>\n<li>Thershi Siddarth Seebaruth\u00a0(Sorbonne University, France) for \u201cSimulations and experiments of shocks in weakly collisional plasma\u201d.<\/li>\n<\/ul>\n<p style=\"text-align: justify\"><span style=\"text-decoration: underline\">2023<\/span><\/p>\n<ul>\n<li>Sophie Gorno (EPFL, Switzerland) for &#8220;Experiments and modelling to characterize the effect of connection length on power exhaust in TCV&#8221;,<br \/>\n<span style=\"color: #999999\">special mentions to Paul Heinrich (IPP-Garching, Germany) for &#8220;Analysis of shattered pellet injection in ASDEX Upgrade&#8221;, Lina Velarde (University of Seville, Spain) for &#8220;Effect of Edge Localized Modes and magnetic perturbations on fast ion confinement in MAST-U&#8221;; Paul Mulholland (TU Eindhoven, The Netherlands) for &#8220;Enhanced transport at high plasma beta due to subthreshold kinetic ballooning modes in Wendelstein 7-X geometry&#8221; and Alessandro Balestri (EPFL, Switzerland) for &#8220;Role of aspect ration in confinement enhancement in negative triangularity plasmas&#8221;<\/span><\/li>\n<li>Radka \u0160tefan\u00edkov\u00e1 (HZDR Dresden, Germany) for &#8220;Spatially resolved X-ray emission lines as a signature of electron dynamics in short-pulse solid-density laser-plasma interaction&#8221;,<\/li>\n<li>Michael Nastac (Oxford University, UK) for &#8220;Irreversible stochastic heating via phase-space entropy cascade in nearly collisionless plasma turbulence&#8221;,<\/li>\n<li>Swarnima Singh (Institute for Plasma Research, India) for &#8220;Experimental observation of a triple point for a complex (dusty) plasma&#8221;.<\/li>\n<\/ul>\n<p style=\"text-align: justify\"><span style=\"text-decoration: underline\">2022<\/span><\/p>\n<ul>\n<li style=\"text-align: justify\">Bernardo Malaca (GoLP, IST Lisbon, Portugal) for &#8220;Superradiance from superluminal nonlinear plasma wakefields&#8221;,<\/li>\n<li style=\"text-align: justify\">Francis Pagaud (Laboratoire de Physique, ENS Lyon, France) for &#8220;Plasma potential control in a weakly magnetized plasma column using negatively-biased emissive electrode&#8221;,<\/li>\n<li style=\"text-align: justify\">Rui Torres (GoLP, IST Lisbon, Portugal) for &#8220;General relativistic particle-in-cell simulations of compact neutron star magnetospheres&#8221;, and<\/li>\n<li style=\"text-align: justify\">Nicholas Vivenzi (CNR, Univ. Padova, Italy) for &#8220;Non-linear visco-resistive MHD modelling of reversed field-pinch fusion plasmas: viscosity coefficient studies&#8221;.<\/li>\n<\/ul>\n<p style=\"text-align: justify\"><span style=\"text-decoration: underline\">2021<\/span><\/p>\n<ul>\n<li>Diego Jose Cruz-Zabala, University of Seville (Spain): &#8220;Characterization of edge poloidal impurity asymmetries at ASDEX Upgrade&#8221;<\/li>\n<li>Samuele Mazzi, Universit\u00e9 Aix-Marseille &amp; CEA\/IRFM (France): &#8220;Suppression of ion-scale turbulent transport by MeV-range fast ions at JET&#8221;<\/li>\n<li>John Ryan Peterson, Stanford University &amp; SLAC (USA): &#8220;Magnetic field amplification by a nonlinear pair-driven plasma instability&#8221;<\/li>\n<li>Paula Kleij, LSI, Ecole Polytechnique &amp; CEA\/IRAMIS (France): &#8220;Ultra-short electron bunches from tunable surface plasma wave excitation by laser with wavefront rotation&#8221;<\/li>\n<li>Vladislav Ivanov, Sofia University (Bulgaria): &#8220;Magnetically stabilized gliding arc discharge: a 2D model&#8221;<\/li>\n<li>Camilla Willim, IST (Portugam): &#8221; Target Normal Sheath Acceleration with shaped lasers&#8221;<\/li>\n<\/ul>\n<p style=\"text-align: justify\"><span style=\"text-decoration: underline\">2019<\/span><\/p>\n<ul>\n<li>Valeria Perseo, IPP Greifswald (Germany) &#8220;Carbon counter-streaming flow studies of attached and detached plasmas in the Wendelstein 7-X Island divertor&#8221;<\/li>\n<li>Mirko Wensing, EPFL (Switzerland) &#8220;Drift effects in SOLPS-ITER sinulations for the TCV divertor upgrade&#8221;<\/li>\n<li>Mariana Moreira, GoLP (Portugal) &#8220;A study of beam hosing in different regimes&#8221;<\/li>\n<li>Mariia Timshina, IOFFE (Russia) &#8220;Analysis of initial stage of capillary discharge using numerical simulation&#8221;<\/li>\n<\/ul>\n<p style=\"text-align: justify\"><span style=\"text-decoration: underline\">2018<\/span><\/p>\n<ul>\n<li>Javier Rodrigo Pinz\u00f3n Acosta (IPP and TUM, Germany) for a poster entitled &#8220;Experimental investigation of the mean turbulence structure tilt angle and its comparison with gyrokinetic simulations&#8221;<\/li>\n<li>Viktor Schneider (Christian-Albrechts Univ., Germany) for &#8220;An optically trapped microparticle as plasma probe&#8221;<\/li>\n<li>Meenarkshee Sharma (IPR, India) for &#8220;Study of propagation of ion acoustic soliton in multi-cusp plasma device&#8221;<\/li>\n<li>Petr Valenta (ELI-Beamlines and CTU, Czech Republic) for &#8220;On high-quality electron beam generated by breaking wake wave in near-critical density plasmas&#8221;<\/li>\n<\/ul>\n<p style=\"text-align: justify\"><span style=\"text-decoration: underline\">2017<\/span><\/p>\n<ul>\n<li style=\"text-align: justify\">Aaron Alejo (QUB) for a poster entitled \u201cStabilisation of radiation pressure driven ion acceleration from ultra-thin targets, studied by fast neutron spectroscopy\u201d<\/li>\n<li style=\"text-align: justify\">Michael Griener (IPP) for a poster entitled \u201cImplementation of fast line ratio spectroscopy on helium as plasma edge diagnostic at ASDEX Upgrade\u201d<\/li>\n<li style=\"text-align: justify\">Giannandrea Inchingolo (IST) for a poster entitled \u201cLarge-scale PIC simulations of high \u03b2 magnetorotational instability\u201d<\/li>\n<li style=\"text-align: justify\">Axel Jardin (CEA\/IRFM) for a poster entitled \u201cInvestigation of impurity cooling factor robustness against transport for application of GEM detectors to W core density reconstruction on WEST\u201d<\/li>\n<\/ul>\n<p style=\"text-align: justify\"><span style=\"text-decoration: underline\">2016<\/span><\/p>\n<ul>\n<li style=\"text-align: justify\">Arkaprava Bokshi (York University) for a poster entitled \u201cThe self-consistent response of linear micro-instabilities to profile evolution&#8221;<\/li>\n<li style=\"text-align: justify\">Mark Coughlan (QUB) for a poster entitled \u201cUltrafast dynamics of crystals irradiated by few-ps proton pulses\u201d<\/li>\n<li style=\"text-align: justify\">Cristian Sommariva (CEA\/IRFM) for a poster entitled \u201cModeling runaway electron dynamics in realistic fields from 3D non-linear MHD disruption simulations\u201d<\/li>\n<li style=\"text-align: justify\">Hannah Willett (York University) for a poster entitled \u201cThe role of plasma instabilities in the onset of detachment in the York Linear Plasma Device\u201d<\/li>\n<\/ul>\n<p style=\"text-align: justify\"><span style=\"text-decoration: underline\">2015<\/span><\/p>\n<ul>\n<li style=\"text-align: justify\">M. Bailly-Grandvaux (CELIA, France) for a poster entitled \u201cExternal magnetic field pinching effect on a relativistic electron beam in dense matter\u201d<\/li>\n<li style=\"text-align: justify\">N. Bakharev (IOFFE, Russia) for a poster entitled \u201cModeling of the fast ion behavior in the Globus-M spherical tokamak\u201d<\/li>\n<li style=\"text-align: justify\">S. Esponisa (PSFC-MIT, USA) for a poster entitled \u201cTheoretical explanation for strong poloidal impurity asymmetry in tokamak pedestals\u201d<\/li>\n<li style=\"text-align: justify\">L. Horvath (Budapest University of Technology and Economics, Hungary) for a poster entitled \u201cFast changes in the mode structure of chirping energetic particle driven modes\u201d<\/li>\n<\/ul>\n<p style=\"text-align: justify\"><span style=\"text-decoration: underline\">2014<\/span><\/p>\n<ul>\n<li style=\"text-align: justify\">Alexandra Vallet\u00a0(CELIA, France) for a poster entitled &#8220;Semi-analytic modelling of shock ignition&#8221;<\/li>\n<li style=\"text-align: justify\">Brendan Kettle\u00a0(QUB, UK) for a poster entitled &#8220;XUV absorption of warm dense aluminium&#8221;<\/li>\n<li style=\"text-align: justify\">Livia Casali\u00a0(IPP Garching, Germany) for a poster entitled &#8220;Transport analysis of high radiation and high density plasmas at ASDEX Upgrade&#8221;<\/li>\n<li style=\"text-align: justify\">Himank Anand\u00a0(EPFL, Switzerland) for a poster entitled &#8220;First experimental results of plasma shape control using real time equilibrium reconstruction in TCV&#8221;<\/li>\n<\/ul>\n<p style=\"text-align: justify\"><span style=\"text-decoration: underline\">2013<\/span><\/p>\n<ul>\n<li style=\"text-align: justify\">John Omotani (U. York, UK) for a poster entitled &#8220;Non-local parallel transport in the tokamak scrape-off layer&#8221;<\/li>\n<li style=\"text-align: justify\">Didier Vezinet (CEA\/IRFM, France) for a poster entitled &#8220;Soft X-Ray cooling factor low dependency on transport: investigating the domain of validity&#8221;<\/li>\n<li style=\"text-align: justify\">Sina Fietz (IPP Garching, Germany) for a poster entitled &#8220;Interaction of neoclassical tearing modes with externally applied magnetic perturbations at ASDEX Upgrade&#8221;<\/li>\n<li style=\"text-align: justify\">Yevgen Kravets (U. Strathclyde, UK) for a poster entitled &#8220;Energy losses due to radiation reaction in an intense laser pulse&#8221;<\/li>\n<\/ul>\n<p style=\"text-align: justify\"><a href=\"http:\/\/iopscience.iop.org\/0741-3335\/page\/2012%20EPS%20Poster%20Prize%20Winners\">2012<\/a> &#8211; <a href=\"http:\/\/iopscience.iop.org\/0741-3335\/page\/2011%20EPS%20Poster%20Prize%20Winners\">2011<\/a><\/p>\n","protected":false},"excerpt":{"rendered":"<p>PPCF\/EPS\/IUPAP Student Poster Prize The international journal Plasma Physics and Controlled Fusion (PPCF), the European Physical Society (EPS) and the International Union of Pure and Applied Physics are proud to jointly sponsor the PPCF\/EPS\/IUPAP Student Poster Prize at the EPS &hellip; <a href=\"http:\/\/plasma.ciemat.es\/eps\/awards\/poster-prizes\/\">Continue reading <span class=\"meta-nav\">&rarr;<\/span><\/a><\/p>\n","protected":false},"author":9,"featured_media":0,"parent":2,"menu_order":9,"comment_status":"closed","ping_status":"closed","template":"","meta":{"footnotes":""},"class_list":["post-164","page","type-page","status-publish","hentry"],"_links":{"self":[{"href":"http:\/\/plasma.ciemat.es\/eps\/wp-json\/wp\/v2\/pages\/164","targetHints":{"allow":["GET"]}}],"collection":[{"href":"http:\/\/plasma.ciemat.es\/eps\/wp-json\/wp\/v2\/pages"}],"about":[{"href":"http:\/\/plasma.ciemat.es\/eps\/wp-json\/wp\/v2\/types\/page"}],"author":[{"embeddable":true,"href":"http:\/\/plasma.ciemat.es\/eps\/wp-json\/wp\/v2\/users\/9"}],"replies":[{"embeddable":true,"href":"http:\/\/plasma.ciemat.es\/eps\/wp-json\/wp\/v2\/comments?post=164"}],"version-history":[{"count":25,"href":"http:\/\/plasma.ciemat.es\/eps\/wp-json\/wp\/v2\/pages\/164\/revisions"}],"predecessor-version":[{"id":2392,"href":"http:\/\/plasma.ciemat.es\/eps\/wp-json\/wp\/v2\/pages\/164\/revisions\/2392"}],"up":[{"embeddable":true,"href":"http:\/\/plasma.ciemat.es\/eps\/wp-json\/wp\/v2\/pages\/2"}],"wp:attachment":[{"href":"http:\/\/plasma.ciemat.es\/eps\/wp-json\/wp\/v2\/media?parent=164"}],"curies":[{"name":"wp","href":"https:\/\/api.w.org\/{rel}","templated":true}]}}