{"id":20,"date":"2026-02-27T12:10:03","date_gmt":"2026-02-27T11:10:03","guid":{"rendered":"http:\/\/sites.fusion.ciemat.es\/eps\/?page_id=20"},"modified":"2026-02-27T12:14:52","modified_gmt":"2026-02-27T11:14:52","slug":"alfven-prize","status":"publish","type":"page","link":"http:\/\/plasma.ciemat.es\/eps\/awards\/alfven-prize\/","title":{"rendered":"Alfv&eacute;n Prize"},"content":{"rendered":"\n<p><em><strong>For outstanding contributions to plasma physics<\/strong><\/em><\/p>\n\n\n<div class=\"wp-block-image\">\n<figure class=\"alignright size-full is-resized\"><a href=\"http:\/\/plasma.ciemat.es\/eps\/files\/2012\/03\/Alfven.jpg\"><img loading=\"lazy\" decoding=\"async\" width=\"162\" height=\"227\" src=\"http:\/\/plasma.ciemat.es\/eps\/files\/2012\/03\/Alfven.jpg\" alt=\"\" class=\"wp-image-40\" style=\"width:206px;height:auto\" \/><\/a><\/figure>\n<\/div>\n\n\n<p><span lang=\"EN-GB\">The prize was established by the EPS Plasma Physics Division in 2000 and is awarded for research achievements which have either already shaped the field of plasma physics or have demonstrated the potential to do so in future. To recognize collaborative research, a group of up to three individual scientists may be nominated. It is awarded each year at the <a title=\"Conferences.html\" href=\"http:\/\/fusionwiki.ciemat.es\/wiki\/European_Physical_Society_Conference_on_Plasma_Physics\">EPS Conference on Plasma Physics<\/a>.<\/span><\/p>\n\n\n\n<p>The Call for Nominations for the 2026 EPS Hannes Alfv\u00e9n Prize has now opened: the nomination form can be found <a href=\"http:\/\/plasma.ciemat.es\/eps\/files\/2025\/07\/Call-for-Nominations-2026.docx\">here<\/a>. Please take note of the <a href=\"http:\/\/plasma.ciemat.es\/eps\/awards\/alfven-prize\/statutes\/\">Statutes<\/a> of this prize.<\/p>\n\n\n\n<div class=\"page\" title=\"Page 1\">\n<div class=\"layoutArea\">\n<div class=\"column\">\n<p><strong>Previous prize winners<\/strong><\/p>\n<\/div>\n<\/div>\n<\/div>\n\n\n\n<figure class=\"wp-block-table\"><table><tbody><tr><td>Year<\/td><td>Winner(s)<\/td><\/tr><tr><td>2026<\/td><td><a href=\"http:\/\/plasma.ciemat.es\/eps\/2026\/02\/27\/2026-hannes-alfven-prize\/\">Philippa Browning<\/a> (University of Manchester, UK) for innovative results that bridge astrophysical and laboratory plasmas addressing, through analytical insight and magnetohydrodynamic\/kinetic modelling, the fundamental features of solar coronal heating, the onset of nanoflares, particle acceleration in magnetic reconnection, and relaxation of magnetic configurations in fusion devices.<\/td><\/tr><tr><td>2025<\/td><td><a href=\"http:\/\/plasma.ciemat.es\/eps\/2025-eps-hannes-alfven-prize\/\">Michel Koenig<\/a> (LULI, France) for outstanding and continuous contributions to the experimental study of laser-plasma interactions applied in the domain of laboratory astrophysics, of high-energy density physics, and of inertial confinement fusion.<\/td><\/tr><tr><td>2024<\/td><td><a href=\"http:\/\/plasma.ciemat.es\/eps\/2024\/01\/09\/2024-eps-hannes-alfven-prize\/\">T\u00fcnde F\u00fcl\u00f6p<\/a> (Chalmers University of Technology, Sweden) and <a href=\"http:\/\/plasma.ciemat.es\/eps\/2024\/01\/09\/2024-eps-hannes-alfven-prize\/\">Per Helander<\/a> (Max Planck Institute for Plasma Physics, Greifswald, Germany) for outstanding contributions to theoretical plasma physics, yielding groundbreaking results that significantly impact the understanding and optimization of magnetically confined fusion plasmas.<\/td><\/tr><tr><td>2023<\/td><td><a href=\"http:\/\/plasma.ciemat.es\/eps\/2024\/01\/09\/2023-eps-hannes-alfven-prize2023\/\">Pisin Chen<\/a> (National Taiwan University, Taipei, Republic of China), <a href=\"http:\/\/plasma.ciemat.es\/eps\/2024\/01\/09\/2023-eps-hannes-alfven-prize2023\/\">James Benjamin Rosenzweig<\/a> (University of California, Los Angeles, USA) and <a href=\"http:\/\/plasma.ciemat.es\/eps\/2024\/01\/09\/2023-eps-hannes-alfven-prize2023\/\">Chandrashekhar Janardan Joshi<\/a> (University of California, Los Angeles, USA) for proposing, demonstrating and conducting impressive ground-breaking experiments on plasma wakefield accelerators driven by particle beams, thus firmly establishing the new concept of plasma acceleration and their applications in the scientific community.<\/td><\/tr><tr><td>2022<\/td><td><a href=\"http:\/\/plasma.ciemat.es\/eps\/2022\/03\/04\/2022-eps-hannes-alfven-prize\/\" target=\"_blank\" rel=\"noreferrer noopener\">Xavier Garbet<\/a> (CEA\/IRFM, Cadarache, France) for important contributions to the theory of the mesoscopic dynamics of magnetically confined fusion (MCF) plasmas: specifically, to understanding turbulence spreading, flux-driven gyrokinetic simulations, transport barriers, up-gradient transport and edge instabilities<\/td><\/tr><tr><td>2021<\/td><td><a href=\"http:\/\/plasma.ciemat.es\/eps\/2022\/03\/04\/2021-eps-hannes-alfven-prize\/\">Sergei Igorevich Krasheninnikov<\/a> (Department of Mechanical and Aerospace Engineering, University of California San Diego, USA) for seminal contributions to the plasma physics of the scrape-off layer and divertor in magnetically confined fusion (MCF) experiments, including the physics of \u201cblobs\u201d, divertor plasma detachment, and dust, together with atomic physics effects<\/td><\/tr><tr><td>2020<\/td><td><a href=\"https:\/\/www.eps.org\/blogpost\/751263\/337793\/The-EPS-Alfven-Prize-2020-is-awarded-to-Dr-Annick-Pouquet\" target=\"_blank\" rel=\"noopener noreferrer\">Annick Pouquet<\/a> (Laboratory for Atmospheric and Space Physics, University of Colorado, and National Center for Atmospheric Research, Boulder, Colorado, USA) for fundamental contributions to quantifying energy transfer in magneto-fluid turbulence. Annick Pouquet\u2019s contributions, together with her colleagues, include predicting the inverse cascade of magnetic helicity, extending the accessible frontier of nonlinear numerical computations, and key steps forward in the analytical theory of turbulence. Her work has facilitated remarkable advances in the understanding of turbulence in astrophysical and space plasmas<\/td><\/tr><tr><td>2019<\/td><td><a href=\"https:\/\/www.eps.org\/blogpost\/751263\/315809\/Award-of-EPS-Alfven-Prize-2019-to-Victor-Malka-and-Toshiki-Tajima\" target=\"_blank\" rel=\"noopener noreferrer\">Victor Malka<\/a> (LOA, France, and Weizmann Institute of Science, Israel) for major contributions to the development of compact laser-plasma accelerators, and to their innovative applications to science and society, which span ultra-fast phenomena, accelerator physics, medicine, radiobiology, chemistry and material science, and to <a href=\"https:\/\/www.eps.org\/blogpost\/751263\/315809\/Award-of-EPS-Alfven-Prize-2019-to-Victor-Malka-and-Toshiki-Tajima\" target=\"_blank\" rel=\"noopener noreferrer\">Toshiki Tajima<\/a> for seminal, broad, and novel contributions to plasma physics and plasma-based accelerator physics, including the concept of laser wakefield acceleration.<img loading=\"lazy\" decoding=\"async\" class=\"aligncenter size-medium wp-image-1092\" src=\"http:\/\/plasma.ciemat.es\/eps\/files\/2019\/07\/IMG_6824-1-300x200.jpg\" alt=\"\" width=\"300\" height=\"200\" srcset=\"http:\/\/plasma.ciemat.es\/eps\/files\/2019\/07\/IMG_6824-1-300x200.jpg 300w, http:\/\/plasma.ciemat.es\/eps\/files\/2019\/07\/IMG_6824-1-768x512.jpg 768w, http:\/\/plasma.ciemat.es\/eps\/files\/2019\/07\/IMG_6824-1-1024x683.jpg 1024w, http:\/\/plasma.ciemat.es\/eps\/files\/2019\/07\/IMG_6824-1-450x300.jpg 450w\" sizes=\"auto, (max-width: 300px) 100vw, 300px\" \/><\/td><\/tr><tr><td>2018<\/td><td><a href=\"http:\/\/www.epsnews.eu\/2018\/01\/professor-tony-bell-is-awarded-the-hannes-alfven-prize-2018\/\" target=\"_blank\" rel=\"noopener noreferrer\">Tony Bell<\/a> (Oxford University) for seminal contributions covering cosmic ray acceleration by shocks, magnetic field amplification by cosmic rays, flux limited electron transport, generation of magnetic field by laser\u00e2\u20ac\u2018produced energetic electrons, collimation of electron beams for inertial fusion, prolific production of electron\u00e2\u20ac\u2018positron pairs<\/td><\/tr><tr><td>2017<\/td><td><a href=\"http:\/\/iopscience.iop.org\/article\/10.1088\/1361-6587\/aa9775\/pdf\" target=\"_blank\" rel=\"noopener noreferrer\">Ksenia Aleksandrovna Razumova<\/a> (Kurchatov Institute, Moscow, Russia) for obtaining, for the first time, a macroscopically stable plasma column in a tokamak configuration; this led to the world-wide programme of experimental exploration and development of the tokamak concept for magnetic confinement fusion<\/td><\/tr><tr><td>2016<\/td><td><a href=\"http:\/\/iopscience.iop.org\/article\/10.1088\/0741-3335\/59\/1\/010101\/meta\" target=\"_blank\" rel=\"noopener noreferrer\">Sergei Bulanov<\/a> (National Institute for Quantum and Radiological Science and Technology, Japan, and A.M. Prokhorov Institute of General Physics of Russian Academy of Sciences, Russia) and <a href=\"http:\/\/iopscience.iop.org\/article\/10.1088\/0741-3335\/59\/1\/010101\/meta\" target=\"_blank\" rel=\"noopener noreferrer\">Hartmut Zohm<\/a> (Max Planck Institute for Plasma Physics, Germany) for their experimental and theoretical contributions to the development of large-scale next-step devices in high-temperature plasma physics research<\/td><\/tr><tr><td>2015<\/td><td><a href=\"http:\/\/iopscience.iop.org\/article\/10.1088\/0741-3335\/58\/1\/010101\/pdf\">Nathaniel J. Fisch<\/a> for his contributions to the understanding of plasma wave-particle interactions and their applications to efficiently driving currents with radio-frequency waves<\/td><\/tr><tr><td>2014<\/td><td><a href=\"http:\/\/iopscience.iop.org\/0741-3335\/57\/1\/010301\/pdf\/0741-3335_57_1_010301.pdf\">Patrick Mora <\/a>for decisive results in the field of laser-produced plasma physics, in particular for illuminating descriptions of laser light absorption in plasmas, electron heat transport in steep temperature gradients and plasma expansion dynamics into vacuum<\/td><\/tr><tr><td>2013<\/td><td><a href=\"http:\/\/iopscience.iop.org\/0741-3335\/55\/12\/120301\/pdf\/0741-3335_55_12_120301.pdf\">Miklos Porkolab<\/a> for his seminal contributions to the physics of plasma waves and his key role in the development of fusion energy<\/td><\/tr><tr><td>2012<\/td><td><a href=\"http:\/\/iopscience.iop.org\/0741-3335\/54\/12\/120201\/pdf\/0741-3335_54_12_120201.pdf\">Eugene N. Parker<\/a> for his theoretical discovery of the transonically expanding atmosphere in cool stars as a basic phenomenon in the magnetic astrophysical cosmos<\/td><\/tr><tr><td>2011<\/td><td><a href=\"http:\/\/iopscience.iop.org\/0741-3335\/53\/12\/120201\/pdf\/0741-3335_53_12_120201.pdf\">Patrick Diamond, Akira Hasegawa, and Kunioki Mima<\/a> for laying the foundations of modern numerical transport simulations and key contributions on self-generated zonal flows and flow shear decorrelation mechanisms which form the basis of modern turbulence in plasmas<\/td><\/tr><tr><td>2010<\/td><td><a href=\"http:\/\/iopscience.iop.org\/0741-3335\/52\/12\/120301\/pdf\/0741-3335_52_12_120301.pdf\">Allen Boozer and J\u00fcrgen N\u00fchrenberg<\/a> for the formulation and practical application of criteria allowing stellarators to have good fast-particle and neoclassical energy confinement<\/td><\/tr><tr><td>2009<\/td><td><a href=\"http:\/\/iopscience.iop.org\/0741-3335\/51\/12\/120201\/pdf\/0741-3335_51_12_120201.pdf\">J\u00fcrgen Meyer-ter-Vehn<\/a> for his seminal theoretical work in the fields of inertial confinement fusion (ICF), relativistic laser\u2013plasma interaction and laser wakefield electron acceleration. See <a href=\"http:\/\/www.europhysicsnews.org\/index.php?option=com_article&amp;access=standard&amp;Itemid=129&amp;url=\/articles\/epn\/pdf\/2010\/01\/epn_41-1.pdf\">EuroPhysics News 41\/1 (2010) 04<\/a><\/td><\/tr><tr><td>2008<\/td><td><a href=\"http:\/\/iopscience.iop.org\/0741-3335\/50\/12\/120302\">Liu Chen<\/a>, for his many seminal works on Alfv\u00e9n wave physics in both laboratory and space plasmas, for his continuing contribution of new ideas which have fostered creativity and promoted cross-fertilization in both these areas of research, and for his fundamental contributions in educating a new generation of researchers for which he is an example to emulate<\/td><\/tr><tr><td>2007<\/td><td><a href=\"http:\/\/iopscience.iop.org\/0741-3335\/49\/12B\/E02\">Friedrich Wagner<\/a>, for his continuing outstanding contributions to research into fusion by magnetic confinement<\/td><\/tr><tr><td>2006<\/td><td><a href=\"http:\/\/iopscience.iop.org\/0741-3335\/48\/12B\/E02\">Paul-Henri Rebut<\/a>, for his pioneering contributions to many topics in magnetic confinement theory and in the design of tokamak devices, many of which are now implemented in the ITER design<\/td><\/tr><tr><td>2005<\/td><td><a href=\"http:\/\/iopscience.iop.org\/0741-3335\/47\/12B\/E02\">Malcolm Haines, Tom Sanford, and Valentin Smirnov<\/a>, for their major contributions to the development of the multi-wire array in Z-pinch pulse-power physics; the x-ray yield was rapidly increased to the level of 2 MJ starting with pioneering work on the \u2018Angara\u2019 facilities in Russia, through the \u2018Saturn\u2019 project in the Sandia Laboratories to the present \u2018Z\u2019 device also in Sandia, strongly supported by the rapid evolution of the underlying theory of cylindrical wire-array liner compressio<\/td><\/tr><tr><td>2004<\/td><td><a href=\"http:\/\/iopscience.iop.org\/0741-3335\/46\/12B\/E02\">Jack Connor, Jim Hastie, and Bryan Taylor<\/a>, for their seminal contributions to a wide range of issues of fundamental importance to the success of magnetic confinement fusion, including: the development of gyro-kinetic theory; the prediction of the bootstrap current; dimensionless scaling laws; pressure-limiting instabilities, and micro-stability and transport theory<\/td><\/tr><tr><td>2003<\/td><td><a href=\"http:\/\/iopscience.iop.org\/0741-3335\/45\/12A\/E02\">Vladimir Evgenievitch Fortov<\/a> for his seminal contributions in the area of non-ideal plasmas and strongly coupled Coulomb systems, and for his pioneering work on the generation and investigation of plasmas under extreme conditions<\/td><\/tr><tr><td>2002<\/td><td><a href=\"http:\/\/iopscience.iop.org\/0741-3335\/43\/12A\/002\">Vitaly Shafranov<\/a>, for his theoretical research on plasma equilibrium and stability and his outstanding contribution to the physics of magnetically confined toroidal plasmas<\/td><\/tr><tr><td>2001<\/td><td><span style=\"color: #000000\"><a href=\"http:\/\/www.europhysicsnews.org\/index.php?option=com_toc&amp;url=\/articles\/epn\/abs\/2002\/04\/contents\/contents.html\" target=\"_blank\" rel=\"noopener noreferrer\">Marshall N. Rosenbluth<\/a>, for his seminal theoretical contributions since the earliest days of fusion research in virtually all aspects of fusion plasma sciences which now form the basis of modern plasma physics<br><\/span><\/td><\/tr><tr><td>2000<\/td><td><a href=\"http:\/\/iopscience.iop.org\/0741-3335\/42\/12B\/002\">Radu Balescu<\/a>, for his outstanding scientific work in the field of statistical physics of charged particles and of controlled fusion<\/td><\/tr><\/tbody><\/table><\/figure>\n\n\n\n<p><\/p>\n","protected":false},"excerpt":{"rendered":"<p>For outstanding contributions to plasma physics The prize was established by the EPS Plasma Physics Division in 2000 and is awarded for research achievements which have either already shaped the field of plasma physics or have demonstrated the potential to &hellip; <a href=\"http:\/\/plasma.ciemat.es\/eps\/awards\/alfven-prize\/\">Continue reading <span class=\"meta-nav\">&rarr;<\/span><\/a><\/p>\n","protected":false},"author":17,"featured_media":40,"parent":2,"menu_order":3,"comment_status":"closed","ping_status":"closed","template":"","meta":{"footnotes":""},"class_list":["post-20","page","type-page","status-publish","has-post-thumbnail","hentry"],"_links":{"self":[{"href":"http:\/\/plasma.ciemat.es\/eps\/wp-json\/wp\/v2\/pages\/20","targetHints":{"allow":["GET"]}}],"collection":[{"href":"http:\/\/plasma.ciemat.es\/eps\/wp-json\/wp\/v2\/pages"}],"about":[{"href":"http:\/\/plasma.ciemat.es\/eps\/wp-json\/wp\/v2\/types\/page"}],"author":[{"embeddable":true,"href":"http:\/\/plasma.ciemat.es\/eps\/wp-json\/wp\/v2\/users\/17"}],"replies":[{"embeddable":true,"href":"http:\/\/plasma.ciemat.es\/eps\/wp-json\/wp\/v2\/comments?post=20"}],"version-history":[{"count":118,"href":"http:\/\/plasma.ciemat.es\/eps\/wp-json\/wp\/v2\/pages\/20\/revisions"}],"predecessor-version":[{"id":2448,"href":"http:\/\/plasma.ciemat.es\/eps\/wp-json\/wp\/v2\/pages\/20\/revisions\/2448"}],"up":[{"embeddable":true,"href":"http:\/\/plasma.ciemat.es\/eps\/wp-json\/wp\/v2\/pages\/2"}],"wp:featuredmedia":[{"embeddable":true,"href":"http:\/\/plasma.ciemat.es\/eps\/wp-json\/wp\/v2\/media\/40"}],"wp:attachment":[{"href":"http:\/\/plasma.ciemat.es\/eps\/wp-json\/wp\/v2\/media?parent=20"}],"curies":[{"name":"wp","href":"https:\/\/api.w.org\/{rel}","templated":true}]}}