{"id":326,"date":"2014-01-28T11:25:20","date_gmt":"2014-01-28T10:25:20","guid":{"rendered":"http:\/\/plasma.ciemat.es\/eps\/?page_id=326"},"modified":"2024-05-29T15:17:13","modified_gmt":"2024-05-29T14:17:13","slug":"bpif-board","status":"publish","type":"page","link":"http:\/\/plasma.ciemat.es\/eps\/sections\/bpif\/bpif-board\/","title":{"rendered":"BP&amp;IF Board"},"content":{"rendered":"<p>Following the 2023 elections, the composition of the Board is the following:<\/p>\n<h2>Chairman<\/h2>\n<p><a href=\"mailto:lvolpe@usal.es\">Luca Volpe <\/a>&#8211; Universidad Politecnica de Madrid, Centro de Laseres Pulsados<br \/>\nSalamanca (Spain)<\/p>\n<h2>Board members<\/h2>\n<ul>\n<li>Alexis Casner (elected; up to March 2026) &#8211; CEA-DAM, Arpajon (France)<\/li>\n<li>Fabrizio Consoli (elected; up to March 2024) &#8211; ENEA &#8211; Nuclear Department, Centro Ricerche Frascati, Frascati (Italy)<\/li>\n<li>Laurent Gremillet (elected; up to March 2024) &#8211; CEA-DAM, Arpajon (France) and Universit\u00e9 Paris-Saclay, CEA, LMCE, Bruy\u00e8res-le-Ch\u00e2tel (France)<\/li>\n<li>Malte Kaluza (elected; up to March 2024) &#8211; Friedrich-Schiller-University Jena and Helmholtz-Institute Jena, Jena (Germany)<\/li>\n<li>Piotr R\u0105czka (elected; up to March 2026) &#8211; Institute of Plasma Physics and Laser Microfusion, Warsaw (Poland)<\/li>\n<li>Luca Volpe (elected; up to March 2026) &#8211; Universidad Politecnica de Madrid, Centro de Laseres Pulsados, Salamanca (Spain)<\/li>\n<li>Michael Tatarakis (co-opted; up to March 2026) &#8211; Hellenic Mediterranean University -Institute of Plasma Physics and Lasers, Rethimno, and Department of Electronic Engineering, Chania (Greece)<\/li>\n<li>Olga Rosmej (co-opted; up to March 2026) &#8211; Goethe University, Frankfurt (Germany) and GSI Helmholtzzentrum f\u00fcr Schwerionenforschung, Darmstadt (Germany)<\/li>\n<li>Alex Robinson (co-opted; up to March 2026) &#8211; Central Laser Facility, Rutherford Appleton Laboratory, Chilton (United Kingdom)<\/li>\n<\/ul>\n<ul>\n<li>Stefano Atzeni (honorary; ex-chair) &#8211; Focused Energy GmbH, Darmstadt (Germany)<\/li>\n<li>Dimitri Batani (honorary; ex-chair) &#8211; Universit\u00e9 de Bordeaux, CNRS, CEA, CELIA, Talence (France)<\/li>\n<li>Marta Fajardo (honorary; ex-chair) &#8211; GoLP, Instituto de Plasmas e Fus\u00e3o Nuclear,\u00a0 Universidade de Lisboa, Lisboa (Portugal)<\/li>\n<li>Leo Gizzi (honorary; ex-chair) &#8211; Intense Laser Irradiation Laboratory (ILIL), INO-CNR, Pisa (Italy)<\/li>\n<li>Sylvie Jacquemot (honorary; EPS-DPP ex-chair) &#8211; Laboratoire pour l&#8217;Utilisation des Lasers Intenses, Ecole Polytechnique, Palaiseau (France) and CEA-DAM, Arpajon (France)<\/li>\n<li>J\u00fcrgen Meyer-ter-Vehn (honorary; ex-chair) &#8211; Max-Planck-Institut f\u00fcr Quantenoptik, Garching (Germany)<\/li>\n<li>Vladimir Tickhonchuk (honorary; ex-chair &amp; EPS-DPP Board member) &#8211; CELIA, University of Bordeaux-CNRS-CEA, Talence (France) and ELI-Beamlines Facility, Extreme Light Infrastructure ERIC, Doln\u00ed B\u0159e\u017eany (Czech Republic)<\/li>\n<li>Stefan Weber (invited; EPS-DPP Board member) &#8211; Extreme Light Infrastructure ERIC, Doln\u00ed B\u0159e\u017eany (Czech Republic)<\/li>\n<\/ul>\n","protected":false},"excerpt":{"rendered":"<p>Following the 2023 elections, the composition of the Board is the following: Chairman Luca Volpe &#8211; Universidad Politecnica de Madrid, Centro de Laseres Pulsados Salamanca (Spain) Board members Alexis Casner (elected; up to March 2026) &#8211; CEA-DAM, Arpajon (France) Fabrizio &hellip; <a href=\"http:\/\/plasma.ciemat.es\/eps\/sections\/bpif\/bpif-board\/\">Continue reading <span class=\"meta-nav\">&rarr;<\/span><\/a><\/p>\n","protected":false},"author":9,"featured_media":0,"parent":316,"menu_order":0,"comment_status":"closed","ping_status":"closed","template":"","meta":{"footnotes":""},"class_list":["post-326","page","type-page","status-publish","hentry"],"_links":{"self":[{"href":"http:\/\/plasma.ciemat.es\/eps\/wp-json\/wp\/v2\/pages\/326","targetHints":{"allow":["GET"]}}],"collection":[{"href":"http:\/\/plasma.ciemat.es\/eps\/wp-json\/wp\/v2\/pages"}],"about":[{"href":"http:\/\/plasma.ciemat.es\/eps\/wp-json\/wp\/v2\/types\/page"}],"author":[{"embeddable":true,"href":"http:\/\/plasma.ciemat.es\/eps\/wp-json\/wp\/v2\/users\/9"}],"replies":[{"embeddable":true,"href":"http:\/\/plasma.ciemat.es\/eps\/wp-json\/wp\/v2\/comments?post=326"}],"version-history":[{"count":56,"href":"http:\/\/plasma.ciemat.es\/eps\/wp-json\/wp\/v2\/pages\/326\/revisions"}],"predecessor-version":[{"id":1999,"href":"http:\/\/plasma.ciemat.es\/eps\/wp-json\/wp\/v2\/pages\/326\/revisions\/1999"}],"up":[{"embeddable":true,"href":"http:\/\/plasma.ciemat.es\/eps\/wp-json\/wp\/v2\/pages\/316"}],"wp:attachment":[{"href":"http:\/\/plasma.ciemat.es\/eps\/wp-json\/wp\/v2\/media?parent=326"}],"curies":[{"name":"wp","href":"https:\/\/api.w.org\/{rel}","templated":true}]}}