{"id":329,"date":"2014-01-28T11:30:46","date_gmt":"2014-01-28T10:30:46","guid":{"rendered":"http:\/\/plasma.ciemat.es\/eps\/?page_id=329"},"modified":"2026-01-22T23:00:05","modified_gmt":"2026-01-22T22:00:05","slug":"bpif-events","status":"publish","type":"page","link":"http:\/\/plasma.ciemat.es\/eps\/sections\/bpif\/bpif-events\/","title":{"rendered":"BP&amp;IF events"},"content":{"rendered":"<h1><span style=\"color: #ff0000\">Announcements<\/span><\/h1>\n<ul>\n<li>The 21<sup>st<\/sup> Direct Drive and Fast Ignition Workshop (DDFIW 2026) will take place at ENEA &#8211; Centro Ricerche Frascati, Italy, on 8-11 June 2026. It\u00a0will be accompanied by a Satellite Meeting on the 12<sup>th<\/sup> June: Laserlab-Europe AISBL Expert Group on &#8220;Micro- and nano-structured materials for experiments with high-power lasers&#8221;.<\/li>\n<\/ul>\n<hr \/>\n<ul>\n<li>The 38<sup>st<\/sup> European Conference on Laser Interaction with Matter (ECLIM 2026) will take place at Prague, Czech Republic, on 14-18 September 2026.<\/li>\n<\/ul>\n<hr \/>\n<ul>\n<li>The <a href=\"https:\/\/icpp2026.iitd.ac.in\/\">22<sup>nd<\/sup>\u00a0International Congress on Plasma Physics<\/a> will take place at Hyderabad, India, on 7-11 December 2026.<\/li>\n<\/ul>\n<hr \/>\n<ul>\n<li>Applications for <a href=\"https:\/\/www.clf.stfc.ac.uk\/Pages\/Access-to-Octopus-and-Ultra.aspx\">access to the Octopus or Ultra facilities<\/a> of the Central Laser Facility (CLF, UK) between 1<sup>st<\/sup> July and 31<sup>st<\/sup> December 2025 opened on 21<sup>st<\/sup> November 2024. \u200b\u200bIf successful, access will be fully fund\u200bed (facility overheads, UK travel, accommodation and food).\u200b Proposal submission will close on <strong>Thursday 23<sup>rd<\/sup> January 2025<\/strong>.<\/li>\n<\/ul>\n<hr \/>\n<ul>\n<li>The Extreme Light Infrastructure ERIC (ELI ERIC) launches <a href=\"https:\/\/eli-laser.eu\/news\/eli-launches-mission-based-access-programme-with-inertial-fusion-energy-ife-call\/\">Mission-Based Access Programme with Inertial Fusion Energy (IFE) Call.<\/a> Researchers are invited to submit an Expression of Interest by the <strong>28<sup>th<\/sup> February 2025, 5:00 PM CET,<\/strong> followed by a final project proposal by the <strong>30<sup>th<\/sup> May 2025<\/strong>. The programme is designed to accelerate progress in Inertial Fusion Energy and contribute to the scientific advancements needed for sustainable energy solutions. Selected applicants will be granted access to extended beam time for up to 3 years, enabling the execution of ambitious research projects.<\/li>\n<\/ul>\n<hr \/>\n<ul>\n<li>The Workshop &#8220;<a href=\"https:\/\/www.lorentzcenter.nl\/exploring-supernova-remnants-physics-in-the-lab.html\">Exploring Supernova Remnants Physics in the Lab<\/a>&#8221; will be held at Lorentz Center@Oort, Leiden, The Netherlands, on 3-7 March 2025.<\/li>\n<\/ul>\n<hr \/>\n<ul>\n<li>The 6<sup>th\u00a0 <\/sup><a href=\"https:\/\/indico.ipp.cas.cz\/event\/30\/overview\">EPS Conference on Plasma Diagnostics<\/a> will be held in Prague, Czech Republic, on 7-10 April 2025.<\/li>\n<\/ul>\n<hr \/>\n<ul>\n<li>The <a href=\"https:\/\/www.clf.stfc.ac.uk\/Pages\/Target-Fabrication-Workshop-2024.aspx\">joint 9<sup>th<\/sup> Target Fabrication Workshop\u200b and the 6<sup>th<\/sup> TARG Conference<\/a> will take place at The Queen&#8217;s College, University of Oxford, United Kingdom, on 7-10 April 2025.<\/li>\n<\/ul>\n<hr \/>\n<ul>\n<li>The Inertial Fusion Energy Science and Technology Accelerated Research (<a href=\"https:\/\/events.bizzabo.com\/IFESTAR\/home\">IFE-STAR<\/a>) Conference will be held in Breckenridge, Colorado, on 7-11 April 2025.<\/li>\n<\/ul>\n<hr \/>\n<ul>\n<li>The 11<sup>th<\/sup> International Conference on Frontiers of Plasma Physics and Technology (FPPT-11) will be held in Dubrovnik, Croatia, on 5-9 May 2025.<\/li>\n<\/ul>\n<hr \/>\n<ul>\n<li>The 53<sup>rd<\/sup> Annual Anomalous Absorption Conference (<a href=\"https:\/\/anomalousabsorption.org\/aac2025\/\">AAC2025<\/a>) will be held at Sedona Hilton Resort at Bell Rock, Arizona, on 11-16 May 2025.<\/li>\n<\/ul>\n<hr \/>\n<ul>\n<li>The 8<sup>th<\/sup> International Conference on Matter and Radiation at Extremes (<a href=\"http:\/\/icmre2025.mre.org.cn\/en-us\/index.html\">ICMRE 2025<\/a>) will be held at Xi&#8217;an, China, on 12-15 May 2025.<\/li>\n<\/ul>\n<hr \/>\n<ul>\n<li>The 20<sup>th<\/sup> Direct-Drive and Fast Ignition Workshop (<a href=\"https:\/\/indico.gsi.de\/event\/21177\/overview\">DDFIW2025<\/a>), will be held at GSI Helmholtzzentrum f\u00fcr Schwerionenforschung GmbH, Darmstadt, Germany, on 19-22 May 2025.<\/li>\n<\/ul>\n<hr \/>\n<ul>\n<li>The 51<sup>th\u00a0 <\/sup><a href=\"https:\/\/epsplasma2025.com\/\">EPS Conference on Plasma Physics<\/a> will be held at Radisson Blu Hotel Lietuva, Vilnius, Lithuania, on 7\u201311 July 2025.\u00a0<\/li>\n<\/ul>\n<hr \/>\n<ul>\n<li>The 5<sup>th<\/sup> International Workshop on Proton Boron Fusion will be held in Belgrade, Serbia, on 25-28 August 2025.<\/li>\n<\/ul>\n<hr \/>\n<ul>\n<li>The 13<sup>th<\/sup> International Conference on Inertial Fusion Sciences and Applications (<a href=\"https:\/\/ifsa2025.org\/\">IFSA2025<\/a>) will be held in Tours, France, on 14-19 September 2025.<\/li>\n<\/ul>\n<hr \/>\n<ul>\n<li>The 9<sup>th<\/sup> Asia-Pacific Conference on Plasma Physics (<a href=\"https:\/\/www.aappsdpp.org\/DPP2025\/\">AAPPS-DPP2025<\/a>) will be held at Fukuoka International Congress Center, Fukuoka, Japan, on 21-26 September 2025.<\/li>\n<\/ul>\n<p>&nbsp;<\/p>\n<p>&nbsp;<\/p>\n<p>&nbsp;<\/p>\n<hr \/>\n<h2 style=\"text-align: center\">PAST EVENTS<\/h2>\n<ul>\n<li>The 4<sup>th<\/sup> International Workshop on Proton-Boron Fusion (<a href=\"https:\/\/agenda.enea.it\/event\/1011\/\">IWPBF2024<\/a>) will take place at ENEA &#8211; Centro Ricerche Frascati, in Frascati, Italy, on 30 September\u00a0 &#8211;\u00a0 3 October 2024.<\/li>\n<\/ul>\n<hr \/>\n<ul>\n<li>The 37<sup>th<\/sup> European Conference on Laser Interaction with Matter (<a href=\"https:\/\/eclim2024.pt\/\">ECLIM 2024<\/a>) will be held at Instituto Superior T\u00e9cnico, University of Lisbon, Portugal, on 16-20 September 2024.<\/li>\n<\/ul>\n<hr \/>\n<ul>\n<li>The 50<sup>th<\/sup> <a href=\"https:\/\/epsplasma2024.com\/\">EPS Conference on Plasma Physics<\/a> will be held at Palacio de Congresos, Salamanca, Spain on 8\u201312 July 2024.<\/li>\n<\/ul>\n<hr \/>\n<ul>\n<li>The 2024 Direct Drive and Fast Ignition Workshop (<a href=\"https:\/\/ddfiw.sciencesconf.org\/\">DDFIW2024<\/a>) will be held at Sorbonne University, in Paris (France), on 21-24 May 2024<\/li>\n<\/ul>\n<hr \/>\n<ul>\n<li>The <a href=\"https:\/\/indico.eli-laser.eu\/event\/44\/page\/167-welcome-news\">Workshop on Laser-Plasma Interaction for Inertial Fusion Energy<\/a> will be held at ELI Beamlines, in Doln\u00ed B\u0159e\u017eany (Czech Republic) on 11-12 April 2024<\/li>\n<\/ul>\n<hr \/>\n<ul>\n<li>The 36<sup>th<\/sup> European Conference on Laser Interaction with Matter (<a href=\"https:\/\/agenda.enea.it\/event\/228\/\">ECLIM 2022<\/a>) will be held in ENEA &#8211; Centro Ricerche Frascati, in Frascati, Italy, on 19-23 September 2022.<\/li>\n<\/ul>\n<hr \/>\n<ul>\n<li>16<sup>th<\/sup> Direct-Drive and Fast Ignition Workshop (DDFIW2020) &amp; 4<sup>th<\/sup> workhop on electromagnetic pulses (EMP2010), Dolni Brezany (Czech Republic), 06-08\/04\/2020<\/li>\n<\/ul>\n<p style=\"padding-left: 80px\"><a href=\"https:\/\/indico.eli-beams.eu\/event\/347\/\" target=\"_blank\" rel=\"noopener noreferrer\">DDFIW registration<\/a><br \/><a href=\"https:\/\/indico.eli-beams.eu\/event\/348\/\" target=\"_blank\" rel=\"noopener noreferrer\">EMP registration<\/a><\/p>\n<p style=\"text-align: center\"><a href=\"http:\/\/plasma.ciemat.es\/eps\/files\/2019\/12\/DDFIW_2020.png\"><img loading=\"lazy\" decoding=\"async\" class=\"aligncenter size-medium wp-image-1144\" src=\"http:\/\/plasma.ciemat.es\/eps\/files\/2019\/12\/DDFIW_2020-212x300.png\" alt=\"\" width=\"212\" height=\"300\" srcset=\"http:\/\/plasma.ciemat.es\/eps\/files\/2019\/12\/DDFIW_2020-212x300.png 212w, http:\/\/plasma.ciemat.es\/eps\/files\/2019\/12\/DDFIW_2020-768x1086.png 768w, http:\/\/plasma.ciemat.es\/eps\/files\/2019\/12\/DDFIW_2020-724x1024.png 724w\" sizes=\"auto, (max-width: 212px) 100vw, 212px\" \/><\/a><\/p>\n<hr \/>\n<h2>Related Conf\u00e9rences, Workshops and Schools: 2018<\/h2>\n<ul>\n<li style=\"text-align: justify\">First LMJ-PETAL user meeting. <a href=\"http:\/\/plasma.ciemat.es\/eps\/files\/2018\/07\/Flyer-User-Meeting-LMJ-PETAL.pdf\" target=\"_blank\" rel=\"noopener noreferrer\">En savoir plus. <\/a><\/li>\n<\/ul>\n<hr \/>\n<h2>Related Conf\u00e9rences, Workshops and Schools: 2016<\/h2>\n<ul>\n<li style=\"text-align: justify\">meeting of the workpackage # 4 &#8220;Secondary sources of particles and radiation, Materials&#8221; of the COST action MP1208 &#8220;Developing the physi<br \/><hr \/>cs and the scientific community for inertial fusion&#8221; at Belgrade (Serbia) &#8211; 18-20 April 2016.<br \/><a href=\"http:\/\/laserfusion.eu\/event\/2016\/04\/17\/cost-action-mp1208-mc-meeting-and-wg4-meeting-belgrade-serbia\" target=\"_blank\" rel=\"noopener noreferrer\">En savoir plus<\/a><\/li>\n<\/ul>\n<hr \/>\n<h2>Related Conf\u00e9rences, Workshops\u00c2\u00c2\u00a0and Schools: 2015<\/h2>\n<ul>\n<li style=\"list-style-type: none\">\n<ul>\n<li style=\"text-align: justify\">Plas@Par summer school, Roscoff (France) &#8211; August 23-29, 2015<br \/><a href=\"http:\/\/www.plasapar.com\/en\/summer-school-2015\" target=\"_blank\" rel=\"noopener noreferrer\">More<\/a><\/li>\n<\/ul>\n<\/li>\n<\/ul>\n<ul>\n<li style=\"list-style-type: none\">\n<ul>\n<li style=\"text-align: justify\">56<sup>th<\/sup> Course \u201cAtoms and plasmas in superintense laser fields\u201d of\u00c2\u00c2\u00a0the International School on Quantum Electronics, Ettore Majorana Foundation and Centre for Scientific Culture, Erice (Italy) &#8211; July 12-22, 2015<br \/><a href=\"http:\/\/plasma.ciemat.es\/eps\/files\/2015\/02\/SUPER_ERICE2015.pdf\">First announcement<\/a><\/li>\n<\/ul>\n<\/li>\n<\/ul>\n<ul>\n<li style=\"text-align: justify\">Workshop PETA-phys &amp; PETAL+ Talence (France) &#8211; February 24, 2015<br \/><a href=\"http:\/\/plasma.ciemat.es\/eps\/files\/2015\/02\/planche_programme_final.png\"><img loading=\"lazy\" decoding=\"async\" class=\"aligncenter size-medium wp-image-503\" src=\"http:\/\/plasma.ciemat.es\/eps\/files\/2015\/02\/planche_programme_final-300x212.png\" alt=\"PETA-phys&amp;PETAL+\" width=\"300\" height=\"212\" srcset=\"http:\/\/plasma.ciemat.es\/eps\/files\/2015\/02\/planche_programme_final-300x212.png 300w, http:\/\/plasma.ciemat.es\/eps\/files\/2015\/02\/planche_programme_final-1024x724.png 1024w, http:\/\/plasma.ciemat.es\/eps\/files\/2015\/02\/planche_programme_final-424x300.png 424w, http:\/\/plasma.ciemat.es\/eps\/files\/2015\/02\/planche_programme_final.png 1169w\" sizes=\"auto, (max-width: 300px) 100vw, 300px\" \/><\/a><a href=\"http:\/\/laphia.labex.u-bordeaux.fr\/Actualites\/Workshop_PETAPHYS-PETAL-_24-fevrier-2015,i2639.html\" target=\"_blank\" rel=\"noopener noreferrer\">Presentations<\/a><\/li>\n<\/ul>\n<hr \/>\n<h2>Related Conf\u00e9rences, Workshops and Schools: 2014<\/h2>\n<ul>\n<li style=\"text-align: justify\">Joint workshop on LMJ scientific programme and COST &#8220;Developing the Physics and the Scientific Community for Inertial Confinement Fusion at the time of NIF ignition&#8221; &#8211; 5-7 March 2014 &#8211; Talence (France)<br \/><a href=\"http:\/\/plasma.ciemat.es\/eps\/files\/2014\/01\/poster-LMJ-PETAL-COST.pdf\">LMJ-PETAL-COST poster<\/a><br \/><a href=\"http:\/\/plasma.ciemat.es\/eps\/files\/2014\/01\/COST-LMJ-Workshop-English.pdf\">COST-LMJ program<\/a><\/li>\n<\/ul>\n\n\n<p><\/p>\n","protected":false},"excerpt":{"rendered":"<p>Announcements The 21st Direct Drive and Fast Ignition Workshop (DDFIW 2026) will take place at ENEA &#8211; Centro Ricerche Frascati, Italy, on 8-11 June 2026. It\u00a0will be accompanied by a Satellite Meeting on the 12th June: Laserlab-Europe AISBL Expert Group &hellip; <a href=\"http:\/\/plasma.ciemat.es\/eps\/sections\/bpif\/bpif-events\/\">Continue reading <span class=\"meta-nav\">&rarr;<\/span><\/a><\/p>\n","protected":false},"author":9,"featured_media":0,"parent":316,"menu_order":0,"comment_status":"closed","ping_status":"closed","template":"","meta":{"footnotes":""},"class_list":["post-329","page","type-page","status-publish","hentry"],"_links":{"self":[{"href":"http:\/\/plasma.ciemat.es\/eps\/wp-json\/wp\/v2\/pages\/329","targetHints":{"allow":["GET"]}}],"collection":[{"href":"http:\/\/plasma.ciemat.es\/eps\/wp-json\/wp\/v2\/pages"}],"about":[{"href":"http:\/\/plasma.ciemat.es\/eps\/wp-json\/wp\/v2\/types\/page"}],"author":[{"embeddable":true,"href":"http:\/\/plasma.ciemat.es\/eps\/wp-json\/wp\/v2\/users\/9"}],"replies":[{"embeddable":true,"href":"http:\/\/plasma.ciemat.es\/eps\/wp-json\/wp\/v2\/comments?post=329"}],"version-history":[{"count":51,"href":"http:\/\/plasma.ciemat.es\/eps\/wp-json\/wp\/v2\/pages\/329\/revisions"}],"predecessor-version":[{"id":2442,"href":"http:\/\/plasma.ciemat.es\/eps\/wp-json\/wp\/v2\/pages\/329\/revisions\/2442"}],"up":[{"embeddable":true,"href":"http:\/\/plasma.ciemat.es\/eps\/wp-json\/wp\/v2\/pages\/316"}],"wp:attachment":[{"href":"http:\/\/plasma.ciemat.es\/eps\/wp-json\/wp\/v2\/media?parent=329"}],"curies":[{"name":"wp","href":"https:\/\/api.w.org\/{rel}","templated":true}]}}