{"id":43,"date":"2025-07-16T08:32:52","date_gmt":"2025-07-16T07:32:52","guid":{"rendered":"http:\/\/sites.fusion.ciemat.es\/eps\/?page_id=43"},"modified":"2025-10-22T12:13:28","modified_gmt":"2025-10-22T11:13:28","slug":"board","status":"publish","type":"page","link":"http:\/\/plasma.ciemat.es\/eps\/board\/","title":{"rendered":"Board"},"content":{"rendered":"<hr \/>\n<p><a href=\"http:\/\/plasma.ciemat.es\/eps\/2012\/03\/23\/board-elections\/\"><strong>EPS Plasma Physics Division &#8211; Elections to the Board<\/strong><\/a><\/p>\n<hr \/>\n<p><strong><a href=\"http:\/\/plasma.ciemat.es\/eps\/files\/2014\/01\/statutes_EPS-PPD.pdf\">EPS PPD Board statutes<\/a><\/strong><\/p>\n<hr \/>\n<p><strong><a title=\"EPS PPD annual reports\" href=\"http:\/\/plasma.ciemat.es\/eps\/board\/eps-ppd-annual-reports\/\">Annual reports<\/a><\/strong><\/p>\n<hr \/>\n<h2>Board composition 2025 &#8211; 2029<\/h2>\n<p><em><strong>Chair<\/strong><\/em><\/p>\n<p>Prof. Dr. Kristel Cromb\u00e9<\/p>\n<p style=\"padding-left: 40px\">Ghent University<br \/>Sint-Pietersnieuwstraat 41 B4, 9000 Gent, Belgium<\/p>\n<p style=\"padding-left: 40px\">phone: +32 2 4414136<br \/>email: kristel.crombe@ugent.be<\/p>\n<p><em><strong>Members<\/strong><\/em><\/p>\n<p>Prof. Hana Barankova<br \/>Uppsala University, Angstrom Laboratory, Box 65, SE-751 03, Uppsala, Sweden<br \/>phone:<br \/>e-mail: hana.barankova@angstrom.uu.se<\/p>\n<p>Prof. Corinne Champeaux<br \/>IRCER, CNRS\/University of Limoges, 12 rue Atlantis, 87068 Limoges, France<br \/>phone: +33 5 8750 2331<br \/>e-mail: corinne.champeaux@unilim.fr<\/p>\n<p>Prof. Agata Chomiczewska<br \/>Institute of Plasma Physics and Laser Microfusion, Warsaw, Poland <br \/>phone:<br \/>e-mail: agata.chomiczewska@ifpilm.pl<\/p>\n<p>Dr. Fabrizio Consoli<br \/><span data-olk-copy-source=\"MessageBody\">ENEA \u2013 Nuclear Department, C.R. Frascati, via E. Fermi 45, 00044 Frascati, Italy<\/span><br \/>phone: +<span data-olk-copy-source=\"MessageBody\">39 0694005415<\/span><br \/>e-mail: fabrizio.consoli@enea.it<\/p>\n<p>Dr. Andrew Gibson<br \/>University of York, York, United Kingdom<br \/>phone: +44 1904 325333<br \/>e-mail: andrew.gibson@york.ac.uk<\/p>\n<p>Dr. Daniela Grasso<br \/>CNR-Institute for Complex Systems and Politecnico di Torino, Corso Duca degli Abruzzi 24, 10129 Torino, Italy<br \/>phone: +39 0110904491<br \/>e-mail: daniela.grasso@cnr.it<\/p>\n<p>Dr. Ken McClements<br \/>United Kingdom Atomic Energy Authority, Culham Campus, Abingdon, Oxfordshire OX14 3DB, United Kingdom<br \/>phone: +44 1235 466303<br \/>e-mail: ken.mcclements@ukaea.uk<\/p>\n<p>Dr. Costanza Maggi<br \/>United Kingdom Atomic Energy Authority, Culham Campus, Abingdon, Oxfordshire OX14 3DB, United Kingdom<br \/>phone:\u00a0<br \/>e-mail: costanza.maggi@ukaea.uk<\/p>\n<p>Prof. Dr. Mervi Mantsinen<br \/>ICREA and Barcelona Supercomputing Center<br \/>Department of Computer Applications in Science and Engineering, <span data-olk-copy-source=\"MessageBody\">Pla\u00e7a Eusebi G\u00fcell, 1-3<\/span> 08034 Barcelona, Spain<br \/>phone: +34 934137763<br \/>e-mail: mervi.mantsinen@bsc.es<\/p>\n<p>Dr. Daniele Margarone<br \/>ELI Beamlines, The Extreme Light Infrastructure ERIC, Za Radnic\u00ed 835 252 41 Doln\u00ed B\u0159e\u017eany, Czechia<br \/>phone:\u00a0<br \/>e-mail: daniele.margarone@eli-beams.eu<\/p>\n<p>Dr. Emanuele Poli<br \/>Max-Planck-Institut f\u00fcr Plasmaphysik, D-85748 Garching, Germany<br \/>phone:\u00a0<br \/>e-mail: emanuele.poli@ipp.mpg.de<\/p>\n<p>Dr Brian Reville<br \/>Max-Planck-Institut f\u00fcr Kernphysik, Postfach 103980, 69029 Heidelberg, Germany<br \/>phone: +49 6221 516 589<br \/>e-mail: brian.reville@smpi-hd.mpg.de<\/p>\n<p>Prof. Caterina Riconda<br \/>LULI, Sorbonne Universit\u00e9, 4 place Jussieu, 75005 Paris, France<br \/>phone:<br \/>e-mail: caterina.riconda@sorbonne-universite.fr<\/p>\n<p>Dr. Monica Spolaore<br \/>Consorzio RFX and Institute for Plasma Science and Technology (ISTP), CNR, Corso Stati Uniti, 4, 35127 Padova, Italy<br \/>phone:<br \/>e-mail: monica.spolaore@igi.cnr.it<\/p>\n<p>Prof. Luca Volpe<br \/><strong><em> chair of the Beam Plasma and Inertial Confinement Section<\/em><\/strong><br \/>ETSI Aeron\u00e1utica y del Espacio, Universidad Politecnica de Madrid, Plaza Cardenal, Cisneros 3, 28040-Madrid, Spain<br \/>phone:<br \/>e-mail: l.volpe@upm.es<\/p>\n\n\n<hr class=\"wp-block-separator has-css-opacity\" \/>\n\n\n\n<p><\/p>\n","protected":false},"excerpt":{"rendered":"<p>EPS Plasma Physics Division &#8211; Elections to the Board EPS PPD Board statutes Annual reports Board composition 2025 &#8211; 2029 Chair Prof. Dr. Kristel Cromb\u00e9 Ghent UniversitySint-Pietersnieuwstraat 41 B4, 9000 Gent, Belgium phone: +32 2 4414136email: kristel.crombe@ugent.be Members Prof. Hana &hellip; <a href=\"http:\/\/plasma.ciemat.es\/eps\/board\/\">Continue reading <span class=\"meta-nav\">&rarr;<\/span><\/a><\/p>\n","protected":false},"author":17,"featured_media":0,"parent":0,"menu_order":1,"comment_status":"closed","ping_status":"closed","template":"","meta":{"footnotes":""},"class_list":["post-43","page","type-page","status-publish","hentry"],"_links":{"self":[{"href":"http:\/\/plasma.ciemat.es\/eps\/wp-json\/wp\/v2\/pages\/43","targetHints":{"allow":["GET"]}}],"collection":[{"href":"http:\/\/plasma.ciemat.es\/eps\/wp-json\/wp\/v2\/pages"}],"about":[{"href":"http:\/\/plasma.ciemat.es\/eps\/wp-json\/wp\/v2\/types\/page"}],"author":[{"embeddable":true,"href":"http:\/\/plasma.ciemat.es\/eps\/wp-json\/wp\/v2\/users\/17"}],"replies":[{"embeddable":true,"href":"http:\/\/plasma.ciemat.es\/eps\/wp-json\/wp\/v2\/comments?post=43"}],"version-history":[{"count":130,"href":"http:\/\/plasma.ciemat.es\/eps\/wp-json\/wp\/v2\/pages\/43\/revisions"}],"predecessor-version":[{"id":2415,"href":"http:\/\/plasma.ciemat.es\/eps\/wp-json\/wp\/v2\/pages\/43\/revisions\/2415"}],"wp:attachment":[{"href":"http:\/\/plasma.ciemat.es\/eps\/wp-json\/wp\/v2\/media?parent=43"}],"curies":[{"name":"wp","href":"https:\/\/api.w.org\/{rel}","templated":true}]}}