{"id":63,"date":"2025-08-01T08:06:03","date_gmt":"2025-08-01T07:06:03","guid":{"rendered":"http:\/\/sites.fusion.ciemat.es\/eps\/?page_id=63"},"modified":"2026-04-01T09:23:06","modified_gmt":"2026-04-01T08:23:06","slug":"phd-research-award","status":"publish","type":"page","link":"http:\/\/plasma.ciemat.es\/eps\/awards\/phd-research-award\/","title":{"rendered":"PhD Research Award"},"content":{"rendered":"\n<p><strong>European Physical Society Plasma Physics Division PhD Research Awards<\/strong><\/p>\n\n\n\n<p>The Plasma Physics Division of the European Physical Society (EPS) grants annually up to four prizes to young scientists from the 38 European countries associated with the EPS in recognition of truly outstanding research achievements associated with their PhD study in the broad field of plasma physics.<\/p>\n\n\n\n<p>Nominations for the 2027 awards will open in late 2026. Nomination instructions and a description of the selection procedure can be found <a href=\"http:\/\/plasma.ciemat.es\/eps\/files\/2025\/08\/PhD_prize_2026.pdf\">here<\/a>; the nomination form itself is <a href=\"http:\/\/plasma.ciemat.es\/eps\/files\/2024\/09\/NominationForm.pdf\">here<\/a>.<\/p>\n\n\n\n<p><\/p>\n\n\n\n<div class=\"page\" title=\"Page 1\">\n<div class=\"layoutArea\">\n<div class=\"column\">\n<hr>\n<p><strong>Previous award winners<\/strong><\/p>\n<\/div>\n<\/div>\n<\/div>\n\n\n\n<figure class=\"wp-block-table\"><table><tbody><tr><td>Year<\/td><td>Winner(s)<\/td><\/tr><tr><td>2026<\/td><td><strong><a href=\"http:\/\/plasma.ciemat.es\/eps\/2026\/04\/01\/2026-phd-prizes\/\">Pablo Bilbao<\/a>\u00a0<\/strong>(University of Lisbon, Portugal) for his thesis \u201cKinetic instabilities in extreme plasma physics: laboratory and astrophysical dynamics\u201d<br><strong><a href=\"http:\/\/plasma.ciemat.es\/eps\/2026\/04\/01\/2026-phd-prizes-2\/\">Daniel Fajardo<\/a>\u00a0<\/strong>(Ludwig-Maximilians \u2013 University of Munich, Germany) for his thesis \u201cTheory-based integrated modelling of impurity transport in tokamaks\u201d<br><strong><a href=\"http:\/\/plasma.ciemat.es\/eps\/2026\/04\/01\/2026-phd-prizes-3\/\">Alan Goodman<\/a>\u00a0<\/strong>(University of Greifswald, Germany) for his thesis \u201cQuasi-isodynamic stellarator optimisation\u201d<br><strong><a href=\"http:\/\/plasma.ciemat.es\/eps\/2026\/04\/01\/2026-phd-prizes-4\/\">Jessica Schleitzer<\/a>\u00a0<\/strong>(Christian-Albrechts-University Kiel, Germany) for her thesis \u201cPlasma structure and dynamics in dual-frequency discharges: a multi-diagnostic approach from bulk to sheath\u201d<\/td><\/tr><tr><td>2025<\/td><td><strong>Robert J. Ewart<\/strong>&nbsp;(University of Oxford,UK) for his thesis \u201cUniversal equilibria, phase-space structure of collisionless plasma systems, and turbulence in non-Maxwellian plasmas\u201d<br><strong>Benedikt Zimmermann<\/strong>&nbsp;(Technical University of Munich, Germany) for his thesis \u201cValidation of Momentum Transport Theory in the Core Plasma of the ASDEX Upgrade Tokamak\u201d<br><strong>Li Wang<\/strong>&nbsp;(Ruhr University Bochum, Germany) for her thesis \u201cProcess control in low pressure capacitive radio frequency plasmas based on kinetic simulations\u201d<br><strong>Henri Kumpulainen<\/strong>&nbsp;(Aalto University, Espoo, Finland) for his thesis \u201cValidation of tungsten erosion and transport simulations in tokamaks\u201d<\/td><\/tr><tr><td>2024<\/td><td><strong>Lucas Rovige<\/strong>&nbsp;(Institut Polytechnique de Paris, France) for his thesis \u201cOptimization, stabilization and optical phase control of a high-repetition rate laser-wakefield accelerator\u201c<br><strong>Baptiste Frei<\/strong>&nbsp;(\u00c9cole Polytechnique F\u00e9d\u00e9ral de Lausanne (EPFL), Switzerland) for his thesis \u201cA Gyrokinetic Moment Model of the Plasma Boundary in Fusion Devices\u201c<br><strong>Toby Adkins<\/strong>&nbsp;(University of Oxford, UK) for his thesis \u201cElectromagnetic instabilities and plasma turbulence driven by the electron-temperature gradient\u201c<br><strong>Mathias Hoppe<\/strong>&nbsp;(Chalmers University of Technology, Sweden) for his thesis \u201cRunaway-electron model development and validation in tokamaks\u201d<\/td><\/tr><tr><td>2023<\/td><td><strong>Luis Gil<\/strong> (Instituto Superior Tecnico, Universidade de Lisboa, Portugal) for his thesis on \u201cStationary ELM-free H-mode in ASDEX Upgrade\u201d<br>\n<strong>Maurizio Giacomin<\/strong> (Swiss Plasma Center, EPLF, Lausanne, Switzerland) for his thesis on \u201cTurbulent transport regimes in the tokamak boundary\u201d<br>\n<strong>Livio Verra<\/strong> (Technical University Munich, Germany) for his thesis on \u201cElectron Bunch Seeding of the Self-Modulation Instability in Plasma\u201d<br>\n<strong>David Hosking<\/strong> (University of Oxford, UK) for his thesis on \u201cThe decay of MHD turbulence and the primordial origin of magnetic fields in cosmic voids\u201d<\/td><\/tr><tr><td>2022<\/td><td><strong>Plamen Ivanov<\/strong> (University of Oxford, UK) for his thesis on \u201cZonally dominated dynamics and the transition to strong turbulence in ion-scale plasma turbulence\u201d<br>\n<strong>Alexis Marret<\/strong> (Sorbonne University &amp; Observatoire de Paris-PSL, France) for his thesis on \u201cThe non-resonant streaming instability: from theory to experiment\u201d<br>\n<strong>Valeria Perseo<\/strong> (University of Greifswald) for her thesis on \u201cImpurity flow measurements with Coherence Imaging Spectroscopy at Wendelstein 7-X\u201d<br>\n<strong>Martina Salvadori<\/strong> (University of Rome &#8220;La Sapienza\u201d) for her thesis on \u201cAdvanced time-of-flight diagnostics for real-time characterization of ions accelerated by high energy lasers\u201d<\/td><\/tr><tr><td>2021<\/td><td><strong>Audrey Chatain<\/strong> (Universit\u00e9 Paris-Saclay, France) for her thesis on \u201cAerosols-plasma interaction in Titan\u2019s ionosphere\u201d<br>\n<strong>Alexandra Dudkovskaia<\/strong> (University of York, United Kingdom) for her thesis on \u201cModelling neoclassical tearing modes in tokamak plasmas\u201d<br>\n<strong>Mario Galletti<\/strong> (University of Lisbon, Portugal) for his thesis on \u201cHigh contrast front-end for a petawatt laser system designed for electron acceleration &amp; High intensity laser-matter applications towards advanced compact particle accelerators\u201d<br>\n<strong>Andrea Pavone<\/strong> (Technical University of Berlin) for his thesis on \u201cMachine learning approximation of bayesian inference in nuclear fusion\u201d<\/td><\/tr><tr><td>2020<\/td><td><strong>Archie Bott<\/strong> (University of Oxford) for his thesis on &#8220;Magnetic-field amplification in turbulent laser-plasmas&#8221;<br>\n<strong>Bart Ripperda<\/strong> (KU Leuven University) for his thesis on &#8220;On magnetic reconnection and particle acceleration in relativistic plasmas&#8221;<br>\n<strong>Kevin Verhaegh<\/strong> (University of York) for his thesis on &#8220;Spectroscopic investigations of detachment on TCV: Investigating the role of atomic physics on the ion current rollover and the dynamics of detachment in TCV &#8220;<br>\n<strong>Rog\u00e9rio Jorge<\/strong> (EPFL and University of Lisbon) for his thesis on &#8220;A moment-based model for plasma dynamics of arbitrary collisionality&#8221;<\/td><\/tr><tr><td>2019<\/td><td><strong>Giada Cantono<\/strong> (Universit\u00e9 Paris-Saclay and Universit\u00e0 di Pisa) for her thesis on \u201cRelativistic plasmonics for ultra-short radiation sources\u201d<br>\n<strong>Eleanor Tubman<\/strong> (University of York) for her thesis on \u201cMagnetic field generation in laser-plasma interactions\u201d<br>\n<strong>Francisco Javier Artola Such<\/strong> (Universit\u00e9 Aix-Marseille) for his thesis on \u201cFree-boundary simulations of MHD plasma instabilities in tokamaks\u201d<br>\n<strong>Michael Faitsch<\/strong> (Ludwig-Maximilians-Universit\u00e4t M\u00fcnchen) for his thesis on \u201cDivertor Power Load Studies at ASDEX Upgrade and TCV\u201d<\/td><\/tr><tr><td>2018<\/td><td><strong>Matteo Falessi<\/strong> (Roma Tre University) for his thesis on &#8220;Gyrokinetic theory for particle transport in fusion plasmas&#8221;<br>\n<strong>Jack Hare<\/strong> (Imperial College London) for his thesis on &#8220;High energy density magnetic reconnection experiments in colliding carbon plasma flows&#8221;<br>\n<strong>Adrien Leblanc<\/strong> (University of Paris-Saclay) for his thesis on &#8220;Plasma mirrors and plasma gratings under ultra-intense laser illumination: high-order harmonic generation, and relativistic electron beams&#8221;<br>\n<strong>Wei Zhang<\/strong> (Ghent University) for his thesis on &#8220;Plasma edge modeling with ICRF coupling&#8221;<\/td><\/tr><tr><td>2017<\/td><td><strong>Justin Ball<\/strong> (Oxford University, UK) for his study of the effect of plasma boundary shape on driving intrinsic rotation in the tokamak, and more generally on the confinement properties<br>\n<strong>Luca Fedeli<\/strong> (Pisa University, Italy) for his study of surface plasmons, which are excited by intense laser pulses at a vacuum-plasma interface<br>\n<strong>Toon Weyens<\/strong> (Univ. Carlos III de Madrid, Spain, and Eindhoven University of Technology, Netherlands) for his study of a key aspect of toroidal plasma stability, the effects of non-axisymmetric fields on peeling-ballooning stability<\/td><\/tr><tr><td>2016<\/td><td><strong>Bastien Bruneau<\/strong> (LPICM, FR) for his PhD thesis on the <em>Control of radio frequency capacitively coupled plasma asymmetries using Tailored Voltage Waveforms<\/em><br>\n<strong>Arnaud Colaitis<\/strong> (CELIA, FR) for his PhD thesis on a <em>multiscale description of the Laser-Plasma Interaction, application to the physics of shock ignition in Inertial Confinement Fusion<\/em><br>\n<strong>Natasha Jeffrey<\/strong> (U. Glasgow, UK) for her PhD thesis on the <em>spatial, spectral and polarization properties of solar flare X-ray sources<\/em><\/td><\/tr><tr><td>2015<\/td><td><strong>Bruno Albertazzi<\/strong> (LULI, France) for his PhD thesis on <em>Plasmas Lasers et Champs Magn\u00e9tiques<\/em><br>\n<strong>Joaquim Loizu<\/strong> (EPFL, Switzerland) for his PhD thesis on <em>The role of the sheath in magnetized plasma turbulence and flows<\/em><br>\n<strong>Michael Rack<\/strong> (D\u00fcsseldorf Univ., Germay) for his PhD thesis on <em>Influence of resonant magnetic perturbations on transient heat load deposition and fast ion losses<\/em><\/td><\/tr><tr><td>2014<\/td><td><strong>Edmund Highcock<\/strong> (Oxford Univ., UK) for his PhD thesis on <em>The zero turbulence manifold of fusion plasmas&nbsp; <\/em><\/td><\/tr><tr><td>2013<\/td><td><strong>Frederico Fi\u00faza<\/strong> (IST, Portugal) for his PhD thesis on <em>Multi-scale PIC modeling of high energy density scenarios: from laboratory to astrophysics<\/em><br>\n<strong>Elena Nedanovska<\/strong> (QUB, UK) for her PhD thesis on <em>Thomson scattering from technological plasmas<\/em><br>\n<strong>Lidia Piron<\/strong> (Padua, Italy) for her PhD thesis on <em>Improved feedback control of MHD instabilities and error fields in reversed-field pinch and tokamak<\/em><br>\n<strong>Istv\u00e1n Pusztai<\/strong> (Chalmers, Sweden) for his thesis <em>Turbulent and neoclassical transport in tokamak plasmas<\/em><br>\n<a href=\"http:\/\/iopscience.iop.org\/0741-3335\/55\/12\/120301\/pdf\/0741-3335_55_12_120301.pdf\" target=\"_blank\" rel=\"noopener noreferrer\">Editorial<\/a><\/td><\/tr><tr><td>2012<\/td><td><strong>Bart Hennen<\/strong> (TU Eindhoven, The Netherlands) for his PhD thesis on <em>Feedback control for magnetic island suppression in tokamaks<\/em><br>\n<strong>Fr\u00e9d\u00e9ric P\u00e9rez<\/strong> (LULI, France) for his PhD thesis on <em>Study of supra thermal electron transport in solid or compressed matter for the fast-ignitor scheme<\/em><br>\n<strong>Jochen Waskoenig<\/strong> (Queen&#8217;s University of Belfast, UK) for his PhD thesis on <em>Numerical simulations of the electron dynamics in single and dual radio-frequency driven atmospheric pressure plasmas and associated plasma chemistry in electro-negative He-O2 mixtures<\/em><br>\n<a href=\"http:\/\/iopscience.iop.org\/0741-3335\/54\/12\/120201\" target=\"_blank\" rel=\"noopener noreferrer\">Editorial<\/a><\/td><\/tr><tr><td>2011<\/td><td><strong>Stefan Kneip<\/strong> (Imperial College London, UK) for his PhD thesis on <em>Laser Plasma Accelerator and Wiggler<\/em><br>\n<strong>Felix Julian Schulze<\/strong> (Ruhr-University Bochum, Germany) for his PhD thesis on <em>Electron heating in capacitively coupled radio frequency discharges<\/em><br>\n<strong>Mierk Schwabe<\/strong> (Max-Planck Institute for Extraterrestial Physics, Germany) for her PhD thesis on <em>Dynamical effects in fluid complex plasmas<\/em><br>\n<a href=\"http:\/\/dx.doi.org\/10.1088\/0741-3335\/53\/12\/120201\" target=\"_blank\" rel=\"noopener noreferrer\">Editorial<\/a><\/td><\/tr><tr><td>2010<\/td><td><strong>Xavier Davoine<\/strong> (LOA, France) for his PhD thesis on <em>Acc\u00e9l\u00e9ration de particules par interaction laser-plasma dans le r\u00e9gime relativiste<\/em><br>\n<strong>Guilhem Dif-Pradalier<\/strong> (CEA\/IRFM, France) for his PhD thesis on <em>First principle description of collisional gyrokinetic turbulence in tokamak plasmas<\/em><br>\n<strong>Emeric Falize<\/strong> (CEA\/DIF, France) and <strong>B\u00e9r\u00e9nice Loupias<\/strong> (LULI, France) for their complementary PhD thesis on, respectively <em>Similitudes et autosimilarit\u00e9 en physique des hautes densit\u00e9s d\u2019\u00e9nergie : Application \u00e0 l\u2019astrophysique de laboratoire<\/em> and <em>Etude exp\u00e9rimentale de la formation et de la propagation de jets de plasma cr\u00e9\u00e9es par un laser de puissance : application \u00e0 l&#8217;astrophysique de laboratoire<\/em><br>\n<strong>Peter Manz<\/strong> (Stuttgart University, Germany) for his PhD thesis on <em>Structure formation in drift-wave turbulence<\/em><br>\n<a href=\"http:\/\/iopscience.iop.org\/0741-3335\/52\/12\/120301\" target=\"_blank\" rel=\"noopener noreferrer\">Editorial<\/a><\/td><\/tr><tr><td>2009<\/td><td><strong>Cedric Thaury<\/strong> (CEA\/IRAMIS, France) for his PhD thesis on<em> G\u00e9n\u00e9ration d&#8217;harmoniques d&#8217;ordres \u00e9lev\u00e9s sur miroir plasma<\/em><br>\n<strong>Ian Chapman<\/strong> (UKAEA, UK) for his PhD thesis on<em> Modelling the Stability of the n = 1 Internal Kink Mode in Tokamak Plasmas<\/em><br>\n<strong>Tilmann Lunt<\/strong> (IPP Garching, Germany) for his PhD thesis on <em>Experimental Investigation of the Plasma-Wall Transition<\/em><br>\n<a href=\"http:\/\/www.europhysicsnews.org\/index.php?option=com_article&amp;access=standard&amp;Itemid=129&amp;url=\/articles\/epn\/pdf\/2010\/01\/epn_41-1.pdf\" target=\"_blank\" rel=\"noopener noreferrer\">Editorial<\/a><\/td><\/tr><tr><td>2008<\/td><td><strong>Ivo Classen<\/strong> (TU Eindhoven, The Netherlands) for his thesis <em>Imaging and control of magnetic islands in tokamaks<\/em><br>\n<strong>Brendan Dromey<\/strong> (Queen\u2019s University of Belfast, UK) for his thesis <em>Bright soft X-ray harmonic radiation<\/em><br>\n<strong>Louise Willingale<\/strong> (Imperial College London, UK) for her thesis <em>Ion acceleration from high intensity laser plasma interactions: Measurements and applications<\/em><\/td><\/tr><tr><td>2007<\/td><td><strong>Navid Mahdizadeh<\/strong> (Stuttgart University, Germany) for his PhD thesis on <em>Investigation of three-dimensional turbulent structures in the torsatron TJ-K<\/em><br>\n<strong>Yannick Glinec<\/strong> (LOA, France) for his PhD thesis on <em>Propagation of an ultra-intense laser pulse in an under-dense plasma: Production of quasi monoenergetic electron beams and development of applications<\/em><br>\n<strong>Oliver Arp<\/strong> (Christian-Albrechts-University Kiel, Germany) for his PhD thesis on <em>Coulomb balls &#8211; structure and confinement of spherical dust crystals in a plasma<\/em><br>\n<strong>Alexander G.R. Thomas<\/strong> (Imperial College London, UK) for his PhD thesis on <em>Studies of laser propagation and mono-energetic electron beam injection in laser wakefield accelerators<\/em><\/td><\/tr><tr><td>2006<\/td><td><strong>Stuart P.D. Mangles<\/strong> (Imperial College London, UK) for his PhD thesis on <em>Measurements of Relativistic Electrons from Intense Laser Plasma Interaction<\/em><br>\n<strong>Kristel Cromb\u00e9<\/strong> (Ghent University, Belgium) for her PhD thesis on <em>Spectroscopic Studies of Impurity Ion Dynamics on the JET and TEXTOR tokamaks<\/em><br>\n<strong>Paolo Piovesan<\/strong> (Padova University, Italy) for his PhD thesis on <em>Experimental MHD Studies of Enhanced Confinement Reversed-Field Pinch Plasmas<\/em><br>\n<strong>Ben Liesfeld<\/strong> (FSU Jena, Germany) for his PhD thesis on <em>A Photon Collider at Relativistic Intensities<\/em><\/td><\/tr><tr><td>2005<\/td><td><strong>Bruno Goncalves<\/strong> (IST, Portugal) for his PhD thesis on <em>Statistical Properties of Turbulence: a New Approach to Characterize Transport in Fusion Plasmas<\/em><br> <strong>Pavel Popovich<\/strong> (EPFL, Switzerland), for his PhD thesis on <em>Low Frequency Electromagnetic Wave Propagation in 3D Plasma Configurations<\/em><\/td><\/tr><\/tbody><\/table><\/figure>\n","protected":false},"excerpt":{"rendered":"<p>European Physical Society Plasma Physics Division PhD Research Awards The Plasma Physics Division of the European Physical Society (EPS) grants annually up to four prizes to young scientists from the 38 European countries associated with the EPS in recognition of &hellip; <a href=\"http:\/\/plasma.ciemat.es\/eps\/awards\/phd-research-award\/\">Continue reading <span class=\"meta-nav\">&rarr;<\/span><\/a><\/p>\n","protected":false},"author":17,"featured_media":0,"parent":2,"menu_order":6,"comment_status":"closed","ping_status":"closed","template":"","meta":{"footnotes":""},"class_list":["post-63","page","type-page","status-publish","hentry"],"_links":{"self":[{"href":"http:\/\/plasma.ciemat.es\/eps\/wp-json\/wp\/v2\/pages\/63","targetHints":{"allow":["GET"]}}],"collection":[{"href":"http:\/\/plasma.ciemat.es\/eps\/wp-json\/wp\/v2\/pages"}],"about":[{"href":"http:\/\/plasma.ciemat.es\/eps\/wp-json\/wp\/v2\/types\/page"}],"author":[{"embeddable":true,"href":"http:\/\/plasma.ciemat.es\/eps\/wp-json\/wp\/v2\/users\/17"}],"replies":[{"embeddable":true,"href":"http:\/\/plasma.ciemat.es\/eps\/wp-json\/wp\/v2\/comments?post=63"}],"version-history":[{"count":91,"href":"http:\/\/plasma.ciemat.es\/eps\/wp-json\/wp\/v2\/pages\/63\/revisions"}],"predecessor-version":[{"id":2491,"href":"http:\/\/plasma.ciemat.es\/eps\/wp-json\/wp\/v2\/pages\/63\/revisions\/2491"}],"up":[{"embeddable":true,"href":"http:\/\/plasma.ciemat.es\/eps\/wp-json\/wp\/v2\/pages\/2"}],"wp:attachment":[{"href":"http:\/\/plasma.ciemat.es\/eps\/wp-json\/wp\/v2\/media?parent=63"}],"curies":[{"name":"wp","href":"https:\/\/api.w.org\/{rel}","templated":true}]}}